{"id":122,"date":"2023-08-17T19:28:31","date_gmt":"2023-08-17T19:28:31","guid":{"rendered":"https:\/\/contesta.com\/?page_id=122"},"modified":"2023-10-23T07:54:56","modified_gmt":"2023-10-23T11:54:56","slug":"virtual-receptionist","status":"publish","type":"page","link":"https:\/\/contesta.com\/es\/que-es-un-recepcionista-virtual\/","title":{"rendered":"Recepcionista virtual"},"content":{"rendered":"<p>[et_pb_section fb_built=&#8221;1&#8243; admin_label=&#8221;Intro&#8221; module_class=&#8221;vrintro&#8221; _builder_version=&#8221;4.22.0&#8243; collapsed=&#8221;off&#8221; global_colors_info=&#8221;{}&#8221;][et_pb_row column_structure=&#8221;1_2,1_2&#8243; module_class=&#8221;vrintro-row&#8221; _builder_version=&#8221;4.22.0&#8243; background_size=&#8221;initial&#8221; background_position=&#8221;top_left&#8221; background_repeat=&#8221;repeat&#8221; global_colors_info=&#8221;{}&#8221;][et_pb_column type=&#8221;1_2&#8243; module_class=&#8221;vrintro-col-1&#8243; _builder_version=&#8221;4.22.0&#8243; custom_padding=&#8221;|||&#8221; global_colors_info=&#8221;{}&#8221; custom_padding__hover=&#8221;|||&#8221;][et_pb_image src=&#8221;https:\/\/contesta.com\/wp-content\/uploads\/2023\/08\/What-Is-a-Virtual-Receptionist.png&#8221; alt=&#8221;What Is a Virtual Receptionist&#8221; title_text=&#8221;What Is a Virtual Receptionist&#8221; module_class=&#8221;vrintro-img&#8221; _builder_version=&#8221;4.22.0&#8243; _module_preset=&#8221;default&#8221; global_colors_info=&#8221;{}&#8221;][\/et_pb_image][\/et_pb_column][et_pb_column type=&#8221;1_2&#8243; module_class=&#8221;vrintro-col-2&#8243; _builder_version=&#8221;4.22.0&#8243; custom_padding=&#8221;|||&#8221; global_colors_info=&#8221;{}&#8221; custom_padding__hover=&#8221;|||&#8221;][et_pb_text module_class=&#8221;vrintro-text&#8221; _builder_version=&#8221;4.22.0&#8243; background_size=&#8221;initial&#8221; background_position=&#8221;top_left&#8221; background_repeat=&#8221;repeat&#8221; background_layout=&#8221;dark&#8221; hover_enabled=&#8221;0&#8243; global_colors_info=&#8221;{}&#8221; admin_label=&#8221;Text&#8221; sticky_enabled=&#8221;0&#8243;]<\/p>\n<h1>\u00bfQu\u00e9 es un recepcionista virtual?<\/h1>\n<p>Un recepcionista virtual no es s\u00f3lo un operador telef\u00f3nico remoto o un servicio de atenci\u00f3n de llamadas; es un recurso esencial que eleva la imagen de su marca, fomenta las relaciones e impulsa el crecimiento las 24 horas del d\u00eda.<\/p>\n<p>Los servicios de recepcionista virtual 24\/7 de Contesta agilizan las comunicaciones en todas las interacciones con los clientes, incluyendo:<\/p>\n<ul class=\"prettylist\">\n<li>Toma de mensajes<\/li>\n<li>Programaci\u00f3n de citas<\/li>\n<li>Captura de informaci\u00f3n sobre clientes potenciales<\/li>\n<li>Conexi\u00f3n de llamadas<\/li>\n<li>Saludos personalizados y enrutamiento<\/li>\n<li>Servicios fuera del horario laboral<\/li>\n<\/ul>\n<p>[\/et_pb_text][et_pb_code module_class=&#8221;inline-button&#8221; _builder_version=&#8221;4.22.0&#8243; _module_preset=&#8221;default&#8221; hover_enabled=&#8221;0&#8243; global_module=&#8221;897&#8243; global_colors_info=&#8221;{}&#8221; sticky_enabled=&#8221;0&#8243;]<a class=\"et_pb_button only-spa btn-white\" onclick=\"Calendly.initPopupWidget({url: 'https:\/\/calendly.com\/contesta-guide\/consultation-spanish?hide_event_type_details=0&#038;hide_gdpr_banner=1'});return false;\" href=\"#\" target=\"_blank\" rel=\"noopener\">Solicite una consulta<\/a><a class=\"et_pb_button only-eng btn-white\" href=\"#\"  onclick=\"Calendly.initPopupWidget({url: 'https:\/\/calendly.com\/contesta-guide\/consultation'});return false;\">Request A Consultation<\/a>[\/et_pb_code][\/et_pb_column][\/et_pb_row][\/et_pb_section][et_pb_section fb_built=&#8221;1&#8243; admin_label=&#8221;Benefits&#8221; module_class=&#8221;benefits&#8221; _builder_version=&#8221;4.22.0&#8243; _module_preset=&#8221;default&#8221; collapsed=&#8221;off&#8221; global_colors_info=&#8221;{}&#8221;][et_pb_row admin_label=&#8221;Benefits Header&#8221; module_class=&#8221;benefits-row-header&#8221; _builder_version=&#8221;4.22.0&#8243; _module_preset=&#8221;default&#8221; global_colors_info=&#8221;{}&#8221;][et_pb_column type=&#8221;4_4&#8243; module_class=&#8221;benefits-col-header&#8221; _builder_version=&#8221;4.22.0&#8243; _module_preset=&#8221;default&#8221; global_colors_info=&#8221;{}&#8221;][et_pb_text module_class=&#8221;benefits-text&#8221; _builder_version=&#8221;4.22.0&#8243; _module_preset=&#8221;default&#8221; global_colors_info=&#8221;{}&#8221;]<\/p>\n<h2 style=\"text-align: center;\">Ventajas de un recepcionista virtual biling\u00fce<\/h2>\n<p style=\"text-align: center;\">Los recepcionistas virtuales revolucionan la manera en que las empresas gestionan las comunicaciones, presentando una mir\u00edada de ventajas que van m\u00e1s all\u00e1 de la contestaci\u00f3n de llamadas. Y con capacidades biling\u00fces 100% premium, su red puede expandirse a dos mercados esenciales.<\/p>\n<p>[\/et_pb_text][\/et_pb_column][\/et_pb_row][et_pb_row admin_label=&#8221;Benefits List&#8221; module_class=&#8221;benefitslist-row&#8221; _builder_version=&#8221;4.22.0&#8243; _module_preset=&#8221;default&#8221; global_colors_info=&#8221;{}&#8221;][et_pb_column type=&#8221;4_4&#8243; module_class=&#8221;benefitslist-col&#8221; _builder_version=&#8221;4.22.0&#8243; _module_preset=&#8221;default&#8221; global_colors_info=&#8221;{}&#8221;][et_pb_text _builder_version=&#8221;4.22.0&#8243; _module_preset=&#8221;default&#8221; global_colors_info=&#8221;{}&#8221;]<\/p>\n<div class=\"benefitslist\">\r\n\t<div class='benefit'>\t\t\t\t<div class=\"benefit-image\"><img loading=\"lazy\" width=\"110\" height=\"109\" src=\"https:\/\/contesta.com\/wp-content\/uploads\/2023\/08\/b-1-1.svg\" class=\"attachment-post-thumbnail size-post-thumbnail wp-post-image\" alt=\"Mayor accesibilidad\" decoding=\"async\" \/><\/div>\r\n\t\t\t\t<div class=\"benefit-info\">\r\n\t\t\t<h3>Apoyo biling\u00fce<\/h3>\r\n\t\t\t<p>Atienda a su p\u00fablico principal con asistencia profesional biling\u00fce en espa\u00f1ol e ingl\u00e9s.<\/p>\r\n\t\t<\/div>\r\n\r\n\t\t<\/div><div class='benefit'>\t\t\t\t<div class=\"benefit-image\"><img loading=\"lazy\" width=\"110\" height=\"109\" src=\"https:\/\/contesta.com\/wp-content\/uploads\/2023\/08\/b-2-1.svg\" class=\"attachment-post-thumbnail size-post-thumbnail wp-post-image\" alt=\"Apoyo biling\u00fce\" decoding=\"async\" \/><\/div>\r\n\t\t\t\t<div class=\"benefit-info\">\r\n\t\t\t<h3>Mayor accesibilidad<\/h3>\r\n\t\t\t<p>Con cobertura 24\/7, su negocio estar\u00e1 siempre disponible para los clientes, lo que significa que nunca perder\u00e1 una oportunidad.<\/p>\r\n\t\t<\/div>\r\n\r\n\t\t<\/div><div class='benefit'>\t\t\t\t<div class=\"benefit-image\"><img loading=\"lazy\" width=\"110\" height=\"93\" src=\"https:\/\/contesta.com\/wp-content\/uploads\/2023\/08\/b-3-1.svg\" class=\"attachment-post-thumbnail size-post-thumbnail wp-post-image\" alt=\"Integraci\u00f3n perfecta\" decoding=\"async\" \/><\/div>\r\n\t\t\t\t<div class=\"benefit-info\">\r\n\t\t\t<h3>Integraci\u00f3n perfecta<\/h3>\r\n\t\t\t<p>Sin ning\u00fan esfuerzo, combine los servicios de Contesta con su flujo de trabajo, mejorando la productividad y la eficiencia.<\/p>\r\n\t\t<\/div>\r\n\r\n\t\t<\/div><div class='benefit'>\t\t\t\t<div class=\"benefit-image\"><img loading=\"lazy\" width=\"110\" height=\"109\" src=\"https:\/\/contesta.com\/wp-content\/uploads\/2023\/08\/b-4-1.svg\" class=\"attachment-post-thumbnail size-post-thumbnail wp-post-image\" alt=\"Escalabilidad\" decoding=\"async\" \/><\/div>\r\n\t\t\t\t<div class=\"benefit-info\">\r\n\t\t\t<h3>Escalabilidad<\/h3>\r\n\t\t\t<p>A medida que su negocio crece, los servicios de Contesta pueden ampliarse sin esfuerzo para satisfacer sus crecientes necesidades y su base de clientes.<\/p>\r\n\t\t<\/div>\r\n\r\n\t\t<\/div><div class='benefit'>\t\t\t\t<div class=\"benefit-image\"><img loading=\"lazy\" width=\"109\" height=\"109\" src=\"https:\/\/contesta.com\/wp-content\/uploads\/2023\/08\/b-5-1.svg\" class=\"attachment-post-thumbnail size-post-thumbnail wp-post-image\" alt=\"Representaci\u00f3n profesional\" decoding=\"async\" \/><\/div>\r\n\t\t\t\t<div class=\"benefit-info\">\r\n\t\t\t<h3>Representaci\u00f3n profesional<\/h3>\r\n\t\t\t<p>Nuestros agentes expertos garantizan que cada interacci\u00f3n con el cliente se gestione con prontitud y profesionalidad, mejorando la imagen de su marca.<\/p>\r\n\t\t<\/div>\r\n\r\n\t\t<\/div><div class='benefit'>\t\t\t\t<div class=\"benefit-image\"><img loading=\"lazy\" width=\"109\" height=\"109\" src=\"https:\/\/contesta.com\/wp-content\/uploads\/2023\/08\/b-6.svg\" class=\"attachment-post-thumbnail size-post-thumbnail wp-post-image\" alt=\"\" decoding=\"async\" \/><\/div>\r\n\t\t\t\t<div class=\"benefit-info\">\r\n\t\t\t<h3>Servicio personalizado<\/h3>\r\n\t\t\t<p>Desde la recepci\u00f3n de mensajes hasta la gesti\u00f3n de llamadas y la programaci\u00f3n de citas, nuestros servicios se adaptan a sus necesidades espec\u00edficas.<\/p>\r\n\t\t<\/div>\r\n\r\n\t\t<\/div><div class='benefit'>\t\t\t\t<div class=\"benefit-image\"><img loading=\"lazy\" width=\"106\" height=\"109\" src=\"https:\/\/contesta.com\/wp-content\/uploads\/2023\/08\/b-7-1.svg\" class=\"attachment-post-thumbnail size-post-thumbnail wp-post-image\" alt=\"Tranquilidad\" decoding=\"async\" \/><\/div>\r\n\t\t\t\t<div class=\"benefit-info\">\r\n\t\t\t<h3>Tranquilidad<\/h3>\r\n\t\t\t<p>Ahorre dinero sin comprometer la calidad del servicio. Contesta garantiza una gesti\u00f3n profesional de las llamadas sin tener que preocuparse por la rotaci\u00f3n de personal, las bajas por enfermedad o la capacitaci\u00f3n, para que usted pueda centrarse en su negocio.<\/p>\r\n\t\t<\/div>\r\n\r\n\t\t<\/div><\/div>\r\n\n<p>[\/et_pb_text][\/et_pb_column][\/et_pb_row][\/et_pb_section][et_pb_section fb_built=&#8221;1&#8243; admin_label=&#8221;Specialized&#8221; module_class=&#8221;specialized&#8221; _builder_version=&#8221;4.22.0&#8243; _module_preset=&#8221;default&#8221; collapsed=&#8221;off&#8221; global_colors_info=&#8221;{}&#8221;][et_pb_row module_class=&#8221;specialized&#8211;header-row&#8221; _builder_version=&#8221;4.22.0&#8243; _module_preset=&#8221;default&#8221; global_colors_info=&#8221;{}&#8221;][et_pb_column type=&#8221;4_4&#8243; module_class=&#8221;specialized&#8211;header-col&#8221; _builder_version=&#8221;4.22.0&#8243; _module_preset=&#8221;default&#8221; global_colors_info=&#8221;{}&#8221;][et_pb_text module_class=&#8221;specialized&#8211;header-text&#8221; _builder_version=&#8221;4.22.0&#8243; _module_preset=&#8221;default&#8221; global_colors_info=&#8221;{}&#8221;]<\/p>\n<h2 style=\"text-align: center;\">Nuestros servicios especializados para diversas industrias<\/h2>\n<p style=\"text-align: center;\">Los recepcionistas virtuales de Contesta son expertos en atender a una amplia gama de industrias, con conocimientos especializados para atender necesidades distintas.<\/p>\n<p>[\/et_pb_text][et_pb_text module_class=&#8221;specialized-services&#8221; _builder_version=&#8221;4.22.0&#8243; _module_preset=&#8221;default&#8221; global_colors_info=&#8221;{}&#8221;]<\/p>\n<div><div class=\"sslist\">\r\n\t<div class='sslist-item'>\t\t\t\t<div class=\"sslist-image\"><img loading=\"lazy\" width=\"800\" height=\"514\" src=\"https:\/\/contesta.com\/wp-content\/uploads\/2023\/08\/ss-1.jpg\" class=\"attachment-post-thumbnail size-post-thumbnail wp-post-image\" alt=\"Para abogados\" decoding=\"async\" srcset=\"https:\/\/contesta.com\/wp-content\/uploads\/2023\/08\/ss-1.jpg 800w, https:\/\/contesta.com\/wp-content\/uploads\/2023\/08\/ss-1-480x308.jpg 480w\" sizes=\"(min-width: 0px) and (max-width: 480px) 480px, (min-width: 481px) 800px, 100vw\" \/><\/div>\r\n\t\t\t\t<div class=\"sslist-info\">\r\n\t\t\t<h3>Para abogados<\/h3>\r\n\t\t\t<p>Superando las barreras del idioma para firmas de abogados y abogados de inmigraci\u00f3n, nuestros servicios biling\u00fces garantizan una gesti\u00f3n profesional de cada interacci\u00f3n con el cliente.<\/p>\r\n\t\t<\/div>\r\n\r\n\t\t<\/div><div class='sslist-item'>\t\t\t\t<div class=\"sslist-image\"><img loading=\"lazy\" width=\"800\" height=\"514\" src=\"https:\/\/contesta.com\/wp-content\/uploads\/2023\/08\/ss-2.jpg\" class=\"attachment-post-thumbnail size-post-thumbnail wp-post-image\" alt=\"Para consultorios m\u00e9dicos\" decoding=\"async\" srcset=\"https:\/\/contesta.com\/wp-content\/uploads\/2023\/08\/ss-2.jpg 800w, https:\/\/contesta.com\/wp-content\/uploads\/2023\/08\/ss-2-480x308.jpg 480w\" sizes=\"(min-width: 0px) and (max-width: 480px) 480px, (min-width: 481px) 800px, 100vw\" \/><\/div>\r\n\t\t\t\t<div class=\"sslist-info\">\r\n\t\t\t<h3>Para consultorios m\u00e9dicos<\/h3>\r\n\t\t\t<p>Nuestros recepcionistas m\u00e9dicos virtuales gestionan las consultas de los pacientes y la programaci\u00f3n de citas, facilitando una comunicaci\u00f3n fluida y conforme con la HIPAA entre proveedores y pacientes.<\/p>\r\n\t\t<\/div>\r\n\r\n\t\t<\/div><div class='sslist-item'>\t\t\t\t<div class=\"sslist-image\"><img loading=\"lazy\" width=\"800\" height=\"514\" src=\"https:\/\/contesta.com\/wp-content\/uploads\/2023\/08\/ss-3.jpg\" class=\"attachment-post-thumbnail size-post-thumbnail wp-post-image\" alt=\"Para finanzas\" decoding=\"async\" srcset=\"https:\/\/contesta.com\/wp-content\/uploads\/2023\/08\/ss-3.jpg 800w, https:\/\/contesta.com\/wp-content\/uploads\/2023\/08\/ss-3-480x308.jpg 480w\" sizes=\"(min-width: 0px) and (max-width: 480px) 480px, (min-width: 481px) 800px, 100vw\" \/><\/div>\r\n\t\t\t\t<div class=\"sslist-info\">\r\n\t\t\t<h3>Para finanzas<\/h3>\r\n\t\t\t<p>Desde la gesti\u00f3n de citas de consulta hasta la transmisi\u00f3n de informaci\u00f3n financiera cr\u00edtica, proporcionamos un punto de contacto fiable y profesional para sus clientes.<\/p>\r\n\t\t<\/div>\r\n\r\n\t\t<\/div><div class='sslist-item'>\t\t\t\t<div class=\"sslist-image\"><img loading=\"lazy\" width=\"800\" height=\"514\" src=\"https:\/\/contesta.com\/wp-content\/uploads\/2023\/08\/ss-4.jpg\" class=\"attachment-post-thumbnail size-post-thumbnail wp-post-image\" alt=\"Para los proveedores de servicios\" decoding=\"async\" srcset=\"https:\/\/contesta.com\/wp-content\/uploads\/2023\/08\/ss-4.jpg 800w, https:\/\/contesta.com\/wp-content\/uploads\/2023\/08\/ss-4-480x308.jpg 480w\" sizes=\"(min-width: 0px) and (max-width: 480px) 480px, (min-width: 481px) 800px, 100vw\" \/><\/div>\r\n\t\t\t\t<div class=\"sslist-info\">\r\n\t\t\t<h3>Para los proveedores de servicios<\/h3>\r\n\t\t\t<p>Tanto si eres electricista, organizador de bodas o cualquier otro proveedor de servicios, nuestros agentes pueden gestionar citas y responder preguntas, as\u00ed como brindarle una experiencia de comunicaci\u00f3n coherente a sus clientes.<\/p>\r\n\t\t<\/div>\r\n\r\n\t\t<\/div><div class='sslist-item'>\t\t\t\t<div class=\"sslist-image\"><img loading=\"lazy\" width=\"800\" height=\"514\" src=\"https:\/\/contesta.com\/wp-content\/uploads\/2023\/08\/ss-5.jpg\" class=\"attachment-post-thumbnail size-post-thumbnail wp-post-image\" alt=\"Para el sector inmobiliario y la hospitalario\" decoding=\"async\" srcset=\"https:\/\/contesta.com\/wp-content\/uploads\/2023\/08\/ss-5.jpg 800w, https:\/\/contesta.com\/wp-content\/uploads\/2023\/08\/ss-5-480x308.jpg 480w\" sizes=\"(min-width: 0px) and (max-width: 480px) 480px, (min-width: 481px) 800px, 100vw\" \/><\/div>\r\n\t\t\t\t<div class=\"sslist-info\">\r\n\t\t\t<h3>Para el sector inmobiliario y la hospitalario<\/h3>\r\n\t\t\t<p>Nuestros recepcionistas, que ofrecen asistencia personalizada para visitas a propiedades, reservas, consultas de hu\u00e9spedes y mucho m\u00e1s, prestan un servicio de alto nivel para mejorar la experiencia de sus clientes.<\/p>\r\n\t\t<\/div>\r\n\r\n\t\t<\/div><div class='sslist-item'>\t\t\t\t<div class=\"sslist-image\"><img loading=\"lazy\" width=\"800\" height=\"514\" src=\"https:\/\/contesta.com\/wp-content\/uploads\/2023\/08\/ss-6.jpg\" class=\"attachment-post-thumbnail size-post-thumbnail wp-post-image\" alt=\"Para otras industrias\" decoding=\"async\" srcset=\"https:\/\/contesta.com\/wp-content\/uploads\/2023\/08\/ss-6.jpg 800w, https:\/\/contesta.com\/wp-content\/uploads\/2023\/08\/ss-6-480x308.jpg 480w\" sizes=\"(min-width: 0px) and (max-width: 480px) 480px, (min-width: 481px) 800px, 100vw\" \/><\/div>\r\n\t\t\t\t<div class=\"sslist-info\">\r\n\t\t\t<h3>Para otras industrias<\/h3>\r\n\t\t\t<p>Nuestra amplia experiencia se extiende a diversos \u00e1mbitos, lo que nos permite elaborar soluciones a medida para las necesidades de comunicaci\u00f3n espec\u00edficas de su sector.<\/p>\r\n\t\t<\/div>\r\n\r\n\t\t<\/div><\/div>\r\n<\/div>\n<p>[\/et_pb_text][\/et_pb_column][\/et_pb_row][\/et_pb_section][et_pb_section fb_built=&#8221;1&#8243; admin_label=&#8221;Steps (version 2)&#8221; module_class=&#8221;steps steps&#8211;version-2&#8243; _builder_version=&#8221;4.22.0&#8243; _module_preset=&#8221;default&#8221; background_enable_color=&#8221;off&#8221; locked=&#8221;off&#8221; collapsed=&#8221;on&#8221; global_colors_info=&#8221;{}&#8221;][et_pb_row module_class=&#8221;steps-row-header&#8221; _builder_version=&#8221;4.22.0&#8243; _module_preset=&#8221;default&#8221; global_colors_info=&#8221;{}&#8221;][et_pb_column type=&#8221;4_4&#8243; module_class=&#8221;steps-row-header-col&#8221; _builder_version=&#8221;4.22.0&#8243; _module_preset=&#8221;default&#8221; global_colors_info=&#8221;{}&#8221;][et_pb_text admin_label=&#8221;How to Get Started With Contesta&#8221; _builder_version=&#8221;4.22.0&#8243; _module_preset=&#8221;default&#8221; text_orientation=&#8221;center&#8221; background_layout=&#8221;dark&#8221; global_colors_info=&#8221;{}&#8221;]<\/p>\n<h2>C\u00f3mo empezar a usar Contesta<\/h2>\n<p>Inicie su camino hacia una comunicaci\u00f3n con el cliente excepcional, 24\/7, con s\u00f3lo tres sencillos pasos.<\/p>\n<p>[\/et_pb_text][\/et_pb_column][\/et_pb_row][et_pb_row column_structure=&#8221;1_3,1_3,1_3&#8243; module_class=&#8221;steps-row-cols&#8221; _builder_version=&#8221;4.22.0&#8243; _module_preset=&#8221;default&#8221; global_colors_info=&#8221;{}&#8221;][et_pb_column type=&#8221;1_3&#8243; module_class=&#8221;steps-row-col&#8221; _builder_version=&#8221;4.22.0&#8243; _module_preset=&#8221;default&#8221; global_colors_info=&#8221;{}&#8221;][et_pb_blurb title=&#8221;Step 1: Select Plan &#038; Sign Up&#8221; image=&#8221;https:\/\/contesta.com\/wp-content\/uploads\/2023\/08\/one.png&#8221; alt=&#8221;One&#8221; module_class=&#8221;steps-blurb&#8221; _builder_version=&#8221;4.22.0&#8243; _module_preset=&#8221;default&#8221; header_level=&#8221;h3&#8243; background_layout=&#8221;dark&#8221; global_colors_info=&#8221;{}&#8221;]<\/p>\n<p><a href=\"https:\/\/contesta.com\/es\/planes\/\">Elija el plan<\/a> que mejor se adapte a sus necesidades y suscr\u00edbase para obtener una cuenta de Contesta - sin tarifa inicial ni contrato.<\/p>\n<p>[\/et_pb_blurb][\/et_pb_column][et_pb_column type=&#8221;1_3&#8243; module_class=&#8221;steps-row-col&#8221; _builder_version=&#8221;4.22.0&#8243; _module_preset=&#8221;default&#8221; global_colors_info=&#8221;{}&#8221;][et_pb_blurb title=&#8221;Step 2: Customize Your Account&#8221; image=&#8221;https:\/\/contesta.com\/wp-content\/uploads\/2023\/08\/two.svg&#8221; alt=&#8221;Two&#8221; module_class=&#8221;steps-blurb&#8221; _builder_version=&#8221;4.22.0&#8243; _module_preset=&#8221;default&#8221; header_level=&#8221;h3&#8243; background_layout=&#8221;dark&#8221; global_colors_info=&#8221;{}&#8221;]<\/p>\n<p>Trabaje con nuestro equipo para personalizar nuestros servicios, aline\u00e1ndolos perfectamente con sus objetivos empresariales.<\/p>\n<p>[\/et_pb_blurb][\/et_pb_column][et_pb_column type=&#8221;1_3&#8243; module_class=&#8221;steps-row-col&#8221; _builder_version=&#8221;4.22.0&#8243; _module_preset=&#8221;default&#8221; global_colors_info=&#8221;{}&#8221;][et_pb_blurb title=&#8221;Step 3: Forward Your Calls to Your Contesta Account&#8221; image=&#8221;https:\/\/contesta.com\/wp-content\/uploads\/2023\/08\/three.svg&#8221; alt=&#8221;Three&#8221; module_class=&#8221;steps-blurb&#8221; _builder_version=&#8221;4.22.0&#8243; _module_preset=&#8221;default&#8221; header_level=&#8221;h3&#8243; background_layout=&#8221;dark&#8221; global_colors_info=&#8221;{}&#8221;]<\/p>\n<p>Integre sin problemas Contesta en sus operaciones diarias, mejorando sus capacidades de comunicaci\u00f3n en todo momento.<\/p>\n<p>[\/et_pb_blurb][\/et_pb_column][\/et_pb_row][et_pb_row module_class=&#8221;steps-row-button&#8221; _builder_version=&#8221;4.22.0&#8243; _module_preset=&#8221;default&#8221; global_colors_info=&#8221;{}&#8221;][et_pb_column type=&#8221;4_4&#8243; module_class=&#8221;steps-col-button&#8221; _builder_version=&#8221;4.22.0&#8243; _module_preset=&#8221;default&#8221; global_colors_info=&#8221;{}&#8221;][et_pb_button button_url=&#8221;\/how-it-works\/&#8221; button_text=&#8221;How It Works&#8221; module_class=&#8221;steps-button&#8221; _builder_version=&#8221;4.22.0&#8243; _module_preset=&#8221;default&#8221; background_layout=&#8221;dark&#8221; global_colors_info=&#8221;{}&#8221;][\/et_pb_button][\/et_pb_column][\/et_pb_row][\/et_pb_section][et_pb_section fb_built=&#8221;1&#8243; admin_label=&#8221;Never Miss an Opportunity Again (version 2)&#8221; module_class=&#8221;opportunity opportunity&#8211;version-2&#8243; _builder_version=&#8221;4.22.0&#8243; _module_preset=&#8221;default&#8221; background_image=&#8221;https:\/\/contesta.com\/wp-content\/uploads\/2023\/08\/prefooter.jpg&#8221; background_last_edited=&#8221;on|phone&#8221; background_image_phone=&#8221;https:\/\/contesta.com\/wp-content\/uploads\/2023\/08\/prefooter-mobile.jpg&#8221; background_enable_image_phone=&#8221;on&#8221; locked=&#8221;off&#8221; collapsed=&#8221;off&#8221; global_colors_info=&#8221;{}&#8221;][et_pb_row column_structure=&#8221;1_2,1_2&#8243; module_class=&#8221;opportunity-row&#8221; _builder_version=&#8221;4.22.0&#8243; _module_preset=&#8221;default&#8221; global_colors_info=&#8221;{}&#8221;][et_pb_column type=&#8221;1_2&#8243; module_class=&#8221;opportunity-col opportunity-col-1&#8243; _builder_version=&#8221;4.22.0&#8243; _module_preset=&#8221;default&#8221; global_colors_info=&#8221;{}&#8221;][\/et_pb_column][et_pb_column type=&#8221;1_2&#8243; module_class=&#8221;opportunity-col opportunity-col-2&#8243; _builder_version=&#8221;4.22.0&#8243; _module_preset=&#8221;default&#8221; global_colors_info=&#8221;{}&#8221;][et_pb_text _builder_version=&#8221;4.22.0&#8243; _module_preset=&#8221;default&#8221; header_text_color=&#8221;#F3F2F9&#8243; header_2_text_color=&#8221;#F3F2F9&#8243; background_layout=&#8221;dark&#8221; global_colors_info=&#8221;{}&#8221;]<\/p>\n<h2>Encuentre su plan perfecto <br \/>\u00a1Reg\u00edstrese hoy!<\/h2>\n<p>\u00bfEst\u00e1 listo para llevar su servicio de atenci\u00f3n al cliente al siguiente nivel? Seleccione su plan y comience hoy mismo con nuestros servicios de recepcionista virtual biling\u00fce.<\/p>\n<p>[\/et_pb_text][et_pb_button button_url=&#8221;\/plans\/&#8221; button_text=&#8221;Explore Plans &#038; Pricing&#8221; module_class=&#8221;btn-white&#8221; _builder_version=&#8221;4.22.0&#8243; _module_preset=&#8221;default&#8221; hover_enabled=&#8221;0&#8243; global_colors_info=&#8221;{}&#8221; admin_label=&#8221;Button&#8221; sticky_enabled=&#8221;0&#8243;][\/et_pb_button][et_pb_code module_class=&#8221;inline-button&#8221; _builder_version=&#8221;4.22.0&#8243; _module_preset=&#8221;default&#8221; hover_enabled=&#8221;0&#8243; global_module=&#8221;897&#8243; global_colors_info=&#8221;{}&#8221; sticky_enabled=&#8221;0&#8243; saved_tabs=&#8221;all&#8221;]<a class=\"et_pb_button only-spa btn-white\" onclick=\"Calendly.initPopupWidget({url: 'https:\/\/calendly.com\/contesta-guide\/consultation-spanish?hide_event_type_details=0&#038;hide_gdpr_banner=1'});return false;\" href=\"#\" target=\"_blank\" rel=\"noopener\">Solicite una consulta<\/a><a class=\"et_pb_button only-eng btn-white\" href=\"#\"  onclick=\"Calendly.initPopupWidget({url: 'https:\/\/calendly.com\/contesta-guide\/consultation'});return false;\">Request A Consultation<\/a>[\/et_pb_code][\/et_pb_column][\/et_pb_row][\/et_pb_section]<\/p>","protected":false},"excerpt":{"rendered":"<p>[et_pb_section fb_built=&#8221;1&#8243; admin_label=&#8221;Intro&#8221; module_class=&#8221;vrintro&#8221; _builder_version=&#8221;4.22.0&#8243; collapsed=&#8221;off&#8221; global_colors_info=&#8221;{}&#8221;][et_pb_row column_structure=&#8221;1_2,1_2&#8243; module_class=&#8221;vrintro-row&#8221; _builder_version=&#8221;4.22.0&#8243; background_size=&#8221;initial&#8221; background_position=&#8221;top_left&#8221; background_repeat=&#8221;repeat&#8221; global_colors_info=&#8221;{}&#8221;][et_pb_column type=&#8221;1_2&#8243; module_class=&#8221;vrintro-col-1&#8243; _builder_version=&#8221;4.22.0&#8243; custom_padding=&#8221;|||&#8221; global_colors_info=&#8221;{}&#8221; custom_padding__hover=&#8221;|||&#8221;][et_pb_image src=&#8221;https:\/\/contesta.com\/wp-content\/uploads\/2023\/08\/What-Is-a-Virtual-Receptionist.png&#8221; alt=&#8221;What Is a Virtual Receptionist&#8221; title_text=&#8221;What Is a Virtual Receptionist&#8221; module_class=&#8221;vrintro-img&#8221; _builder_version=&#8221;4.22.0&#8243; _module_preset=&#8221;default&#8221; global_colors_info=&#8221;{}&#8221;][\/et_pb_image][\/et_pb_column][et_pb_column type=&#8221;1_2&#8243; module_class=&#8221;vrintro-col-2&#8243; _builder_version=&#8221;4.22.0&#8243; custom_padding=&#8221;|||&#8221; global_colors_info=&#8221;{}&#8221; custom_padding__hover=&#8221;|||&#8221;][et_pb_text module_class=&#8221;vrintro-text&#8221; _builder_version=&#8221;4.22.0&#8243; background_size=&#8221;initial&#8221; background_position=&#8221;top_left&#8221; background_repeat=&#8221;repeat&#8221; background_layout=&#8221;dark&#8221; hover_enabled=&#8221;0&#8243; global_colors_info=&#8221;{}&#8221; admin_label=&#8221;Text&#8221; sticky_enabled=&#8221;0&#8243;] What Is a Virtual [&hellip;]<\/p>","protected":false},"author":1,"featured_media":0,"parent":0,"menu_order":0,"comment_status":"closed","ping_status":"closed","template":"","meta":{"_et_pb_use_builder":"on","_et_pb_old_content":"Virtual Receptionist Page\r\n\r\nVirtual Receptionist Page\r\n\r\nVirtual Receptionist Page","_et_gb_content_width":"","content-type":"","inline_featured_image":false,"footnotes":""},"_links":{"self":[{"href":"https:\/\/contesta.com\/es\/wp-json\/wp\/v2\/pages\/122"}],"collection":[{"href":"https:\/\/contesta.com\/es\/wp-json\/wp\/v2\/pages"}],"about":[{"href":"https:\/\/contesta.com\/es\/wp-json\/wp\/v2\/types\/page"}],"author":[{"embeddable":true,"href":"https:\/\/contesta.com\/es\/wp-json\/wp\/v2\/users\/1"}],"replies":[{"embeddable":true,"href":"https:\/\/contesta.com\/es\/wp-json\/wp\/v2\/comments?post=122"}],"version-history":[{"count":28,"href":"https:\/\/contesta.com\/es\/wp-json\/wp\/v2\/pages\/122\/revisions"}],"predecessor-version":[{"id":920,"href":"https:\/\/contesta.com\/es\/wp-json\/wp\/v2\/pages\/122\/revisions\/920"}],"wp:attachment":[{"href":"https:\/\/contesta.com\/es\/wp-json\/wp\/v2\/media?parent=122"}],"curies":[{"name":"wp","href":"https:\/\/api.w.org\/{rel}","templated":true}]}}