{"id":412,"date":"2023-08-22T14:16:02","date_gmt":"2023-08-22T14:16:02","guid":{"rendered":"https:\/\/contesta.com\/?page_id=412"},"modified":"2023-10-20T15:59:25","modified_gmt":"2023-10-20T19:59:25","slug":"plans","status":"publish","type":"page","link":"https:\/\/contesta.com\/es\/planes\/","title":{"rendered":"Plans and Pricing"},"content":{"rendered":"<p>[et_pb_section fb_built=&#8221;1&#8243; admin_label=&#8221;Plans and Pricing&#8221; module_class=&#8221;section-plans&#8221; _builder_version=&#8221;4.22.0&#8243; _module_preset=&#8221;default&#8221; background_enable_image=&#8221;off&#8221; background_size=&#8221;contain&#8221; background_position=&#8221;top_center&#8221; background_last_edited=&#8221;on|phone&#8221; global_colors_info=&#8221;{}&#8221;][et_pb_row module_class=&#8221;row-header&#8221; _builder_version=&#8221;4.22.0&#8243; _module_preset=&#8221;default&#8221; global_colors_info=&#8221;{}&#8221;][et_pb_column type=&#8221;4_4&#8243; module_class=&#8221;testimonials-col&#8221; _builder_version=&#8221;4.22.0&#8243; _module_preset=&#8221;default&#8221; global_colors_info=&#8221;{}&#8221;][et_pb_text admin_label=&#8221;Plans and Pricing&#8221; _builder_version=&#8221;4.22.0&#8243; _module_preset=&#8221;default&#8221; text_orientation=&#8221;center&#8221; global_colors_info=&#8221;{}&#8221;]<\/p>\n<h1>Planes y precios<\/h1>\n<p>Seleccione su plan, reg\u00edstrese en Contesta y comience en minutos.<\/p>\n<p>[\/et_pb_text][\/et_pb_column][\/et_pb_row][et_pb_row column_structure=&#8221;1_6,1_6,1_6,1_6,1_6,1_6&#8243; use_custom_gutter=&#8221;on&#8221; gutter_width=&#8221;1&#8243; module_class=&#8221;row-prices&#8221; _builder_version=&#8221;4.22.0&#8243; _module_preset=&#8221;default&#8221; global_colors_info=&#8221;{}&#8221;][et_pb_column type=&#8221;1_6&#8243; disabled_on=&#8221;on|on|on&#8221; _builder_version=&#8221;4.22.0&#8243; _module_preset=&#8221;default&#8221; disabled=&#8221;on&#8221; global_colors_info=&#8221;{}&#8221;][et_pb_text disabled_on=&#8221;off|off|off&#8221; admin_label=&#8221;Starter&#8221; _builder_version=&#8221;4.22.0&#8243; _module_preset=&#8221;default&#8221; text_orientation=&#8221;center&#8221; global_colors_info=&#8221;{}&#8221;]<\/p>\n<h4>Iniciador<\/h4>\n<p class=\"price\">$79\/mes<\/p>\n<p class=\"duration\">50 minutos<\/p>\n<p class=\"additional-price\">$1.39 por minuto adicional<\/p>\n<ul>\n<li>Toma de mensajes b\u00e1sica<\/li>\n<\/ul>\n<div class=\"et_pb_button_module_wrapper et_pb_button_alignment_center\"><a class=\"et_pb_button\" href=\"#\">Seleccionar<\/a><\/div>\n<p>[\/et_pb_text][\/et_pb_column][et_pb_column type=&#8221;1_6&#8243; _builder_version=&#8221;4.22.0&#8243; _module_preset=&#8221;default&#8221; global_colors_info=&#8221;{}&#8221;][et_pb_text admin_label=&#8221;Popular&#8221; _builder_version=&#8221;4.22.0&#8243; _module_preset=&#8221;default&#8221; text_orientation=&#8221;center&#8221; global_colors_info=&#8221;{}&#8221;]<\/p>\n<h4>Popular<\/h4>\n<p class=\"price\">$129\/mes<\/p>\n<p class=\"duration\">100 minutos<\/p>\n<p class=\"additional-price\">$1.25 por minuto adicional<\/p>\n<ul>\n<li>Toma de mensajes avanzada<\/li>\n<li>Programaci\u00f3n de citas<\/li>\n<li>Configuraci\u00f3n avanzada de cuentas con scripts personalizados<\/li>\n<\/ul>\n<div class=\"et_pb_button_module_wrapper et_pb_button_alignment_center\"><a class=\"et_pb_button\" href=\"https:\/\/signup.contesta.com\/package\/72?lang=es\" target=\"_blank\" rel=\"noopener\">Seleccionar<\/a><\/div>\n<p>[\/et_pb_text][\/et_pb_column][et_pb_column type=&#8221;1_6&#8243; module_class=&#8221;best-plan&#8221; _builder_version=&#8221;4.22.0&#8243; _module_preset=&#8221;default&#8221; global_colors_info=&#8221;{}&#8221;][et_pb_text admin_label=&#8221;Pro&#8221; _builder_version=&#8221;4.22.0&#8243; _module_preset=&#8221;default&#8221; text_orientation=&#8221;center&#8221; global_colors_info=&#8221;{}&#8221;]<\/p>\n<p class=\"label\">mejor valor<\/p>\n<h4>Pro<\/h4>\n<p class=\"price\">$249\/mes<\/p>\n<p class=\"duration\">250 minutos<\/p>\n<p class=\"additional-price\">$0.99 por minuto adicional<\/p>\n<ul>\n<li>Toma de mensajes avanzada<\/li>\n<li>Programaci\u00f3n de citas<\/li>\n<li>Configuraci\u00f3n avanzada de cuentas con scripts personalizados<\/li>\n<li>Servicio de interpretaci\u00f3n en vivo<\/li>\n<\/ul>\n<div class=\"et_pb_button_module_wrapper et_pb_button_alignment_center\"><a class=\"et_pb_button et_pb_bg_layout_dark\" href=\"https:\/\/signup.contesta.com\/package\/73?lang=es\" target=\"_blank\" rel=\"noopener\">Seleccionar<\/a><\/div>\n<p>[\/et_pb_text][\/et_pb_column][et_pb_column type=&#8221;1_6&#8243; _builder_version=&#8221;4.22.0&#8243; _module_preset=&#8221;default&#8221; global_colors_info=&#8221;{}&#8221;][et_pb_text admin_label=&#8221;Business&#8221; _builder_version=&#8221;4.22.0&#8243; _module_preset=&#8221;default&#8221; text_orientation=&#8221;center&#8221; global_colors_info=&#8221;{}&#8221;]<\/p>\n<h4>Negocios<\/h4>\n<p class=\"price\">$449\/mes<\/p>\n<p class=\"duration\">500 minutos<\/p>\n<p class=\"additional-price\">$0.95 por minuto adicional<\/p>\n<ul>\n<li>Toma de mensajes avanzada<\/li>\n<li>Programaci\u00f3n de citas<\/li>\n<li>Configuraci\u00f3n avanzada de cuentas con scripts personalizados<\/li>\n<li>Servicio de interpretaci\u00f3n en vivo<\/li>\n<li>Integraciones de CRM<\/li>\n<\/ul>\n<div class=\"et_pb_button_module_wrapper et_pb_button_alignment_center\"><a class=\"et_pb_button\" href=\"https:\/\/signup.contesta.com\/package\/74?lang=es\" target=\"_blank\" rel=\"noopener\">Seleccionar<\/a><\/div>\n<p>[\/et_pb_text][\/et_pb_column][et_pb_column type=&#8221;1_6&#8243; disabled_on=&#8221;on|on|on&#8221; _builder_version=&#8221;4.22.0&#8243; _module_preset=&#8221;default&#8221; disabled=&#8221;on&#8221; global_colors_info=&#8221;{}&#8221;][et_pb_text disabled_on=&#8221;off|off|off&#8221; admin_label=&#8221;Premier&#8221; _builder_version=&#8221;4.22.0&#8243; _module_preset=&#8221;default&#8221; text_orientation=&#8221;center&#8221; global_colors_info=&#8221;{}&#8221;]<\/p>\n<h4>Premier<\/h4>\n<p class=\"price\">$1.249\/mes<\/p>\n<p class=\"duration\">1500 minutos<\/p>\n<p class=\"additional-price\">$0.85 por minuto adicional<\/p>\n<ul>\n<li>Toma de mensajes avanzada<\/li>\n<li>Programaci\u00f3n de citas<\/li>\n<li>Configuraci\u00f3n avanzada de cuentas con scripts personalizados<\/li>\n<li>Servicio de interpretaci\u00f3n en vivo<\/li>\n<li>Integraciones de CRM<\/li>\n<li>Programaci\u00f3n basada en el inicio de sesi\u00f3n \/EMR\/EHR<\/li>\n<li>Programaci\u00f3n de consultorios m\u00e9dicos<\/li>\n<\/ul>\n<div class=\"et_pb_button_module_wrapper et_pb_button_alignment_center\"><a class=\"et_pb_button\" href=\"#\">Seleccionar<\/a><\/div>\n<p>[\/et_pb_text][\/et_pb_column][et_pb_column type=&#8221;1_6&#8243; _builder_version=&#8221;4.22.0&#8243; _module_preset=&#8221;default&#8221; global_colors_info=&#8221;{}&#8221;][et_pb_text admin_label=&#8221;LARGER VOLUME?&#8221; _builder_version=&#8221;4.22.0&#8243; _module_preset=&#8221;default&#8221; text_orientation=&#8221;center&#8221; global_colors_info=&#8221;{}&#8221;]<\/p>\n<h4>\u00bfMAYOR VOLUMEN?<\/h4>\n<p class=\"price\">Precios personalizados<\/p>\n<p class=\"duration\">1000 minutos o m\u00e1s<\/p>\n<p class=\"additional-price\">Fije una cita para hablar con un agente de ventas.<\/p>\n<p>Consulte los precios de las soluciones personalizadas.<\/p>\n<div class=\"et_pb_button_module_wrapper et_pb_button_alignment_center\"><a class=\"et_pb_button only-eng\" onclick=\"Calendly.initPopupWidget({url: 'https:\/\/calendly.com\/contesta-guide\/consultation'});return false;\" href=\"#\" target=\"_blank\" rel=\"noopener\">Programe una llamada<\/a><br \/>\n<a class=\"et_pb_button only-spa\" onclick=\"Calendly.initPopupWidget({url: 'https:\/\/calendly.com\/contesta-guide\/consultation-spanish?hide_event_type_details=0&#038;hide_gdpr_banner=1'});return false;\" href=\"#\" target=\"_blank\" rel=\"noopener\">Programe una llamada<\/a><\/div>\n<p>[\/et_pb_text][\/et_pb_column][\/et_pb_row][\/et_pb_section][et_pb_section fb_built=&#8221;1&#8243; admin_label=&#8221;Steps&#8221; module_class=&#8221;section-plans-all steps&#8221; _builder_version=&#8221;4.22.0&#8243; _module_preset=&#8221;default&#8221; background_enable_color=&#8221;off&#8221; background_enable_image=&#8221;off&#8221; global_colors_info=&#8221;{}&#8221;][et_pb_row module_class=&#8221;row-header&#8221; _builder_version=&#8221;4.22.0&#8243; _module_preset=&#8221;default&#8221; global_colors_info=&#8221;{}&#8221;][et_pb_column type=&#8221;4_4&#8243; module_class=&#8221;steps-row-header-col&#8221; _builder_version=&#8221;4.22.0&#8243; _module_preset=&#8221;default&#8221; global_colors_info=&#8221;{}&#8221;][et_pb_text admin_label=&#8221;Included in All Plans&#8221; _builder_version=&#8221;4.22.0&#8243; _module_preset=&#8221;default&#8221; text_orientation=&#8221;center&#8221; background_layout=&#8221;dark&#8221; global_colors_info=&#8221;{}&#8221;]<\/p>\n<h2>Incluido en todos los planes<\/h2>\n<p>[\/et_pb_text][\/et_pb_column][\/et_pb_row][et_pb_row column_structure=&#8221;1_2,1_2&#8243; module_class=&#8221;row-plans-included&#8221; _builder_version=&#8221;4.22.0&#8243; _module_preset=&#8221;default&#8221; global_colors_info=&#8221;{}&#8221;][et_pb_column type=&#8221;1_2&#8243; _builder_version=&#8221;4.22.0&#8243; _module_preset=&#8221;default&#8221; global_colors_info=&#8221;{}&#8221;][et_pb_text _builder_version=&#8221;4.22.0&#8243; _module_preset=&#8221;default&#8221; background_layout=&#8221;dark&#8221; global_colors_info=&#8221;{}&#8221;]<\/p>\n<ul class=\"prettylist\">\n<li>Sin costo de instalaci\u00f3n, sin contrato<\/li>\n<li>Recepcionista virtual biling\u00fce en vivo 24\/7<\/li>\n<li>HIPAA-Compliant Message Taking<\/li>\n<li>Entrega de mensajes por correo electr\u00f3nico\/mensaje de texto<\/li>\n<\/ul>\n<p>[\/et_pb_text][\/et_pb_column][et_pb_column type=&#8221;1_2&#8243; _builder_version=&#8221;4.22.0&#8243; _module_preset=&#8221;default&#8221; global_colors_info=&#8221;{}&#8221;][et_pb_text _builder_version=&#8221;4.22.0&#8243; _module_preset=&#8221;default&#8221; background_layout=&#8221;dark&#8221; global_colors_info=&#8221;{}&#8221;]<\/p>\n<ul class=\"prettylist\">\n<li>Acceso a aplicaci\u00f3n web\/cuenta en l\u00ednea<\/li>\n<li>Instrucciones condicionadas por tiempo<\/li>\n<li>Captura de informaci\u00f3n<\/li>\n<li>Cierre de llamadas personalizado<\/li>\n<\/ul>\n<p>[\/et_pb_text][\/et_pb_column][\/et_pb_row][\/et_pb_section][et_pb_section fb_built=&#8221;1&#8243; admin_label=&#8221;Schedule A Free Consultation&#8221; module_class=&#8221;opportunity section-plans-contact&#8221; _builder_version=&#8221;4.22.0&#8243; _module_preset=&#8221;default&#8221; background_image=&#8221;https:\/\/contesta.com\/wp-content\/uploads\/2023\/08\/AdobeStock_609590666-1-1.jpg&#8221; background_last_edited=&#8221;on|desktop&#8221; background_image_tablet=&#8221;https:\/\/contesta.com\/wp-content\/uploads\/2023\/08\/AdobeStock_609590666-1-1.jpg&#8221; background_image_phone=&#8221;https:\/\/contesta.com\/wp-content\/uploads\/2023\/08\/Schedule-A-Free-Consultation.jpg&#8221; background_enable_image_tablet=&#8221;on&#8221; background_enable_image_phone=&#8221;on&#8221; global_colors_info=&#8221;{}&#8221;][et_pb_row column_structure=&#8221;1_2,1_2&#8243; module_class=&#8221;opportunity-row&#8221; _builder_version=&#8221;4.22.0&#8243; _module_preset=&#8221;default&#8221; global_colors_info=&#8221;{}&#8221;][et_pb_column type=&#8221;1_2&#8243; module_class=&#8221;opportunity-col opportunity-col-1&#8243; _builder_version=&#8221;4.22.0&#8243; _module_preset=&#8221;default&#8221; global_colors_info=&#8221;{}&#8221;][\/et_pb_column][et_pb_column type=&#8221;1_2&#8243; module_class=&#8221;opportunity-col opportunity-col-2&#8243; _builder_version=&#8221;4.22.0&#8243; _module_preset=&#8221;default&#8221; global_colors_info=&#8221;{}&#8221;][et_pb_text _builder_version=&#8221;4.22.0&#8243; _module_preset=&#8221;default&#8221; header_text_color=&#8221;#F3F2F9&#8243; header_2_text_color=&#8221;#F3F2F9&#8243; background_layout=&#8221;dark&#8221; hover_enabled=&#8221;0&#8243; global_colors_info=&#8221;{}&#8221; sticky_enabled=&#8221;0&#8243;]<\/p>\n<h5>\u00bfNo est\u00e1 seguro de cu\u00e1l es<br \/>el plan adecuado para usted?<\/h5>\n<h2>Programe una consulta gratuita<\/h2>\n<p>Ll\u00e1menos y re\u00fanase con nuestro equipo de expertos para obtener m\u00e1s informaci\u00f3n sobre c\u00f3mo los servicios de recepcionista virtual biling\u00fce de Contesta 24\/7 pueden impulsar su negocio hoy en d\u00eda.<\/p>\n<p><a class=\"et_pb_button only-spa btn-white\" onclick=\"Calendly.initPopupWidget({url: 'https:\/\/calendly.com\/contesta-guide\/consultation-spanish?hide_event_type_details=0&#038;hide_gdpr_banner=1'});return false;\" href=\"#\" target=\"_blank\" rel=\"noopener\">Solicite una consulta<\/a><a class=\"et_pb_button only-eng btn-white\" href=\"#\"  onclick=\"Calendly.initPopupWidget({url: 'https:\/\/calendly.com\/contesta-guide\/consultation'});return false;\">Request A Consultation<\/a>[\/et_pb_text][\/et_pb_column][\/et_pb_row][\/et_pb_section]<\/p>","protected":false},"excerpt":{"rendered":"<p>Plans And Pricing Select Your Plan, Sign Up With Contesta and Get Started in MinutesStarter $79\/Month 50 Minutes $1.39 per Additional Minute Basic Message Taking SelectPopular $129\/Month 100 Minutes $1.25 per Additional Minute Advanced Message Taking Appointment Scheduling Advanced Account Setup w\/\u00a0Custom Scripting SelectBEST VALUE Pro $249\/Month 250 Minutes $0.99 per Additional Minute Advanced Message [&hellip;]<\/p>","protected":false},"author":1,"featured_media":0,"parent":0,"menu_order":0,"comment_status":"closed","ping_status":"closed","template":"","meta":{"_et_pb_use_builder":"on","_et_pb_old_content":"<!-- wp:paragraph -->\r\n<p>This is an example page. It's different from a blog post because it will stay in one place and will show up in your site navigation (in most themes). Most people start with an About page that introduces them to potential site visitors. It might say something like this:<\/p>\r\n<!-- \/wp:paragraph --><!-- wp:quote -->\r\n<blockquote class=\"wp-block-quote\">\r\n<p>Hi there! I'm a bike messenger by day, aspiring actor by night, and this is my website. I live in Los Angeles, have a great dog named Jack, and I like pi\u00f1a coladas. (And gettin' caught in the rain.)<\/p>\r\n<\/blockquote>\r\n<!-- \/wp:quote --><!-- wp:paragraph -->\r\n<p>...or something like this:<\/p>\r\n<!-- \/wp:paragraph --><!-- wp:quote -->\r\n<blockquote class=\"wp-block-quote\">\r\n<p>The XYZ Doohickey Company was founded in 1971, and has been providing quality doohickeys to the public ever since. Located in Gotham City, XYZ employs over 2,000 people and does all kinds of awesome things for the Gotham community.<\/p>\r\n<\/blockquote>\r\n<!-- \/wp:quote --><!-- wp:paragraph -->\r\n<p>As a new WordPress user, you should go to <a href=\"https:\/\/template-divi.sitepreview.app\/wp-admin\/\">your dashboard<\/a> to delete this page and create new pages for your content. Have fun!<\/p>\r\n<!-- \/wp:paragraph -->","_et_gb_content_width":"","content-type":"","inline_featured_image":false,"footnotes":""},"_links":{"self":[{"href":"https:\/\/contesta.com\/es\/wp-json\/wp\/v2\/pages\/412"}],"collection":[{"href":"https:\/\/contesta.com\/es\/wp-json\/wp\/v2\/pages"}],"about":[{"href":"https:\/\/contesta.com\/es\/wp-json\/wp\/v2\/types\/page"}],"author":[{"embeddable":true,"href":"https:\/\/contesta.com\/es\/wp-json\/wp\/v2\/users\/1"}],"replies":[{"embeddable":true,"href":"https:\/\/contesta.com\/es\/wp-json\/wp\/v2\/comments?post=412"}],"version-history":[{"count":84,"href":"https:\/\/contesta.com\/es\/wp-json\/wp\/v2\/pages\/412\/revisions"}],"predecessor-version":[{"id":914,"href":"https:\/\/contesta.com\/es\/wp-json\/wp\/v2\/pages\/412\/revisions\/914"}],"wp:attachment":[{"href":"https:\/\/contesta.com\/es\/wp-json\/wp\/v2\/media?parent=412"}],"curies":[{"name":"wp","href":"https:\/\/api.w.org\/{rel}","templated":true}]}}